{"id":1181,"date":"2017-08-17T10:03:14","date_gmt":"2017-08-17T10:03:14","guid":{"rendered":"http:\/\/sanjose\/?page_id=1181"},"modified":"2019-02-22T13:02:31","modified_gmt":"2019-02-22T13:02:31","slug":"request-demo","status":"publish","type":"page","link":"https:\/\/www.nextal.com\/es\/request-demo\/","title":{"rendered":"Request"},"content":{"rendered":"[vc_row full_width=\u00bbstretch_row_content_no_spaces\u00bb][vc_column][sanjose_banner banner_style=\u00bbstyle_4&#8243; subtitle=\u00bbSolicite una demostraci\u00f3n\u00bb title=\u00bbEnv\u00ede su solicitud a una sesi\u00f3n de demostraci\u00f3n<br \/>\ncon uno <i> de <\/i> nuestros expertos.\u00bb][\/vc_column][\/vc_row][vc_row full_width=\u00bbstretch_row\u00bb large_desctop_pt=\u00bbpadding-lg-120t\u00bb mobile_pt=\u00bbpadding-xs-5t\u00bb css=\u00bb.vc_custom_1504508597940{background-image: url(http:\/\/test.viewdemo.co\/wp\/sanjose\/wp-content\/themes\/sanjose\/uploads-demo\/2017\/08\/toa-heftiba.jpg?id=1201) !important;background-position: center !important;background-repeat: no-repeat !important;background-size: cover !important;}\u00bb][vc_column width=\u00bb1\/6&#8243;][\/vc_column][vc_column width=\u00bb2\/3&#8243;][sanjose_text_block content_align=\u00bbcenter\u00bb title=\u00bbPrograme <i> su <\/i> demostraci\u00f3n personal\u00bb]No podemos esperar para mostrarle el sistema de seguimiento de aplicaciones (ATS) m\u00e1s poderoso. Cu\u00e9ntanos algunas cosas sobre ti y te mostraremos mucho m\u00e1s sobre nosotros.[\/sanjose_text_block][\/vc_column][vc_column]<div role=\"form\" class=\"wpcf7\" id=\"wpcf7-f1187-o1\" lang=\"en-US\" dir=\"ltr\">\n<div class=\"screen-reader-response\"><p role=\"status\" aria-live=\"polite\" aria-atomic=\"true\"><\/p> <ul><\/ul><\/div>\n<form action=\"\/es\/wp-json\/wp\/v2\/pages\/1181#wpcf7-f1187-o1\" method=\"post\" class=\"wpcf7-form init\" novalidate=\"novalidate\" data-status=\"init\">\n<div style=\"display: none;\">\n<input type=\"hidden\" name=\"_wpcf7\" value=\"1187\" \/>\n<input type=\"hidden\" name=\"_wpcf7_version\" value=\"5.5.6\" \/>\n<input type=\"hidden\" name=\"_wpcf7_locale\" value=\"en_US\" \/>\n<input type=\"hidden\" name=\"_wpcf7_unit_tag\" value=\"wpcf7-f1187-o1\" \/>\n<input type=\"hidden\" name=\"_wpcf7_container_post\" value=\"0\" \/>\n<input type=\"hidden\" name=\"_wpcf7_posted_data_hash\" value=\"\" \/>\n<\/div>\n<div class=\"sanjose-contact-form\">\n<div class=\"row\">\n<div class=\"col-md-6\">\n<label> Tu nombre (requerido)<br \/>\n    <span class=\"wpcf7-form-control-wrap text-448\"><input type=\"text\" name=\"text-448\" value=\"\" size=\"40\" class=\"wpcf7-form-control wpcf7-text\" aria-invalid=\"false\" \/><\/span> <\/label>\n<\/div>\n<div class=\"col-md-6\">\n<label> Tu Correo Electr\u00f3nico (requerido)<br \/>\n    <span class=\"wpcf7-form-control-wrap your-email\"><input type=\"email\" name=\"your-email\" value=\"\" size=\"40\" class=\"wpcf7-form-control wpcf7-text wpcf7-email wpcf7-validates-as-required wpcf7-validates-as-email\" aria-required=\"true\" aria-invalid=\"false\" \/><\/span> <\/label>\n<\/div>\n<div class=\"col-md-6\">\n<label> Tu n\u00famero de tel\u00e9fono (requerido)<br \/>\n    <span class=\"wpcf7-form-control-wrap your-subject\"><input type=\"tel\" name=\"your-subject\" value=\"\" size=\"40\" class=\"wpcf7-form-control wpcf7-text wpcf7-tel wpcf7-validates-as-required wpcf7-validates-as-tel\" aria-required=\"true\" aria-invalid=\"false\" \/><\/span> <\/label>\n<\/div>\n<div class=\"col-md-6\">\n<label> Tu mensaje<br \/>\n    <span class=\"wpcf7-form-control-wrap your-message\"><input type=\"text\" name=\"your-message\" value=\"\" size=\"40\" class=\"wpcf7-form-control wpcf7-text\" aria-invalid=\"false\" \/><\/span> <\/label>\n<\/div>\n<div class=\"col-md-12\">\n<input type=\"submit\" value=\"ENVIAR PETICI\u00d3N\" class=\"wpcf7-form-control has-spinner wpcf7-submit submit-demo\" \/>\n<\/div>\n<\/div>\n<\/div>\n<div class=\"wpcf7-response-output\" aria-hidden=\"true\"><\/div><\/form><\/div>[\/vc_column][\/vc_row]\n","protected":false},"excerpt":{"rendered":"<p>[vc_row full_width=\u00bbstretch_row_content_no_spaces\u00bb][vc_column][sanjose_banner banner_style=\u00bbstyle_4&#8243; subtitle=\u00bbSolicite una demostraci\u00f3n\u00bb title=\u00bbEnv\u00ede su solicitud a una sesi\u00f3n de demostraci\u00f3n con uno de nuestros expertos.\u00bb][\/vc_column][\/vc_row][vc_row full_width=\u00bbstretch_row\u00bb large_desctop_pt=\u00bbpadding-lg-120t\u00bb mobile_pt=\u00bbpadding-xs-5t\u00bb css=\u00bb.vc_custom_1504508597940{background-image: url(http:\/\/test.viewdemo.co\/wp\/sanjose\/wp-content\/themes\/sanjose\/uploads-demo\/2017\/08\/toa-heftiba.jpg?id=1201) !important;background-position:.<\/p>\n","protected":false},"author":1,"featured_media":0,"parent":0,"menu_order":0,"comment_status":"closed","ping_status":"closed","template":"","meta":{"_mi_skip_tracking":false},"_links":{"self":[{"href":"https:\/\/www.nextal.com\/es\/wp-json\/wp\/v2\/pages\/1181"}],"collection":[{"href":"https:\/\/www.nextal.com\/es\/wp-json\/wp\/v2\/pages"}],"about":[{"href":"https:\/\/www.nextal.com\/es\/wp-json\/wp\/v2\/types\/page"}],"author":[{"embeddable":true,"href":"https:\/\/www.nextal.com\/es\/wp-json\/wp\/v2\/users\/1"}],"replies":[{"embeddable":true,"href":"https:\/\/www.nextal.com\/es\/wp-json\/wp\/v2\/comments?post=1181"}],"version-history":[{"count":4,"href":"https:\/\/www.nextal.com\/es\/wp-json\/wp\/v2\/pages\/1181\/revisions"}],"predecessor-version":[{"id":3530,"href":"https:\/\/www.nextal.com\/es\/wp-json\/wp\/v2\/pages\/1181\/revisions\/3530"}],"wp:attachment":[{"href":"https:\/\/www.nextal.com\/es\/wp-json\/wp\/v2\/media?parent=1181"}],"curies":[{"name":"wp","href":"https:\/\/api.w.org\/{rel}","templated":true}]}}