{"id":1181,"date":"2017-08-17T10:03:14","date_gmt":"2017-08-17T10:03:14","guid":{"rendered":"http:\/\/sanjose\/?page_id=1181"},"modified":"2019-02-22T12:26:55","modified_gmt":"2019-02-22T12:26:55","slug":"request-demo","status":"publish","type":"page","link":"https:\/\/www.nextal.com\/fr\/request-demo\/","title":{"rendered":"Request"},"content":{"rendered":"[vc_row full_width=\u00a0\u00bbstretch_row_content_no_spaces\u00a0\u00bb][vc_column][sanjose_banner banner_style=\u00a0\u00bbstyle_4&Prime; subtitle=\u00a0\u00bbDemander une d\u00e9mo\u00a0\u00bb title=\u00a0\u00bbSoumettez votre demande \u00e0 une session de d\u00e9monstration<br \/>\navec un <i> de <\/i> nos experts.\u00a0\u00bb][\/vc_column][\/vc_row][vc_row full_width=\u00a0\u00bbstretch_row\u00a0\u00bb large_desctop_pt=\u00a0\u00bbpadding-lg-120t\u00a0\u00bb mobile_pt=\u00a0\u00bbpadding-xs-5t\u00a0\u00bb css=\u00a0\u00bb.vc_custom_1504508597940{background-image: url(http:\/\/test.viewdemo.co\/wp\/sanjose\/wp-content\/themes\/sanjose\/uploads-demo\/2017\/08\/toa-heftiba.jpg?id=1201) !important;background-position: center !important;background-repeat: no-repeat !important;background-size: cover !important;}\u00a0\u00bb][vc_column width=\u00a0\u00bb1\/6&Prime;][\/vc_column][vc_column width=\u00a0\u00bb2\/3&Prime;][sanjose_text_block content_align=\u00a0\u00bbcenter\u00a0\u00bb title=\u00a0\u00bbPlanifiez <i> votre <\/ i> d\u00e9mo personnelle\u00a0\u00bb]Nous sommes impatients de vous montrer le plus puissant syst\u00e8me de suivi des applications (ATS). Parlez-nous de vous et nous vous en montrerons beaucoup plus.[\/sanjose_text_block][\/vc_column][vc_column]<div role=\"form\" class=\"wpcf7\" id=\"wpcf7-f1187-o1\" lang=\"en-US\" dir=\"ltr\">\n<div class=\"screen-reader-response\"><p role=\"status\" aria-live=\"polite\" aria-atomic=\"true\"><\/p> <ul><\/ul><\/div>\n<form action=\"\/fr\/wp-json\/wp\/v2\/pages\/1181#wpcf7-f1187-o1\" method=\"post\" class=\"wpcf7-form init\" novalidate=\"novalidate\" data-status=\"init\">\n<div style=\"display: none;\">\n<input type=\"hidden\" name=\"_wpcf7\" value=\"1187\" \/>\n<input type=\"hidden\" name=\"_wpcf7_version\" value=\"5.5.6\" \/>\n<input type=\"hidden\" name=\"_wpcf7_locale\" value=\"en_US\" \/>\n<input type=\"hidden\" name=\"_wpcf7_unit_tag\" value=\"wpcf7-f1187-o1\" \/>\n<input type=\"hidden\" name=\"_wpcf7_container_post\" value=\"0\" \/>\n<input type=\"hidden\" name=\"_wpcf7_posted_data_hash\" value=\"\" \/>\n<\/div>\n<div class=\"sanjose-contact-form\">\n<div class=\"row\">\n<div class=\"col-md-6\">\n<label> Votre Nom (obligatoire)<br \/>\n    <span class=\"wpcf7-form-control-wrap your-name\"><input type=\"text\" name=\"your-name\" value=\"\" size=\"40\" class=\"wpcf7-form-control wpcf7-text\" aria-invalid=\"false\" \/><\/span> <\/label>\n<\/div>\n<div class=\"col-md-6\">\n<label> Votre Email (obligatoire)<br \/>\n    <span class=\"wpcf7-form-control-wrap your-email\"><input type=\"email\" name=\"your-email\" value=\"\" size=\"40\" class=\"wpcf7-form-control wpcf7-text wpcf7-email wpcf7-validates-as-required wpcf7-validates-as-email\" aria-required=\"true\" aria-invalid=\"false\" \/><\/span> <\/label>\n<\/div>\n<div class=\"col-md-6\">\n<label> Votre Num\u00e9ro de T\u00e9l\u00e9phone (obligatoire)<br \/>\n    <span class=\"wpcf7-form-control-wrap your-phone\"><input type=\"tel\" name=\"your-phone\" value=\"\" size=\"40\" class=\"wpcf7-form-control wpcf7-text wpcf7-tel wpcf7-validates-as-required wpcf7-validates-as-tel\" aria-required=\"true\" aria-invalid=\"false\" \/><\/span> <\/label>\n<\/div>\n<div class=\"col-md-6\">\n<label> Votre Message<br \/>\n    <span class=\"wpcf7-form-control-wrap your-message\"><input type=\"text\" name=\"your-message\" value=\"\" size=\"40\" class=\"wpcf7-form-control wpcf7-text\" aria-invalid=\"false\" \/><\/span> <\/label>\n<\/div>\n<div class=\"col-md-12\">\n<div class=\"col-md-4\">\n  <\/div>\n<div class=\"col-md-4\">\nCaptcha:<br \/>\n<input type=\"hidden\" name=\"_wpcf7_captcha_challenge_captcha-170\" value=\"449966729\" \/><img class=\"wpcf7-form-control wpcf7-captchac wpcf7-captcha-captcha-170\" width=\"84\" height=\"28\" alt=\"captcha\" src=\"https:\/\/www.nextal.com\/fr\/wp-content\/uploads\/sites\/2\/wpcf7_captcha\/449966729.png\" \/><span class=\"wpcf7-form-control-wrap captcha-170\"><input type=\"text\" name=\"captcha-170\" value=\"\" size=\"4\" maxlength=\"4\" class=\"wpcf7-form-control wpcf7-captchar\" autocomplete=\"off\" aria-invalid=\"false\" \/><\/span><br \/>\n<input type=\"submit\" value=\"Envoyer\" class=\"wpcf7-form-control has-spinner wpcf7-submit submit-demo\" \/>\n  <\/div>\n<div class=\"col-md-4\">\n  <\/div>\n<\/div>\n<\/div>\n<\/div>\n<div class=\"wpcf7-response-output\" aria-hidden=\"true\"><\/div><\/form><\/div>[\/vc_column][\/vc_row]\n","protected":false},"excerpt":{"rendered":"<p>[vc_row full_width=\u00a0\u00bbstretch_row_content_no_spaces\u00a0\u00bb][vc_column][sanjose_banner banner_style=\u00a0\u00bbstyle_4&Prime; subtitle=\u00a0\u00bbDemander une d\u00e9mo\u00a0\u00bb title=\u00a0\u00bbSoumettez votre demande \u00e0 une session de d\u00e9monstration avec un de nos experts.\u00a0\u00bb][\/vc_column][\/vc_row][vc_row full_width=\u00a0\u00bbstretch_row\u00a0\u00bb large_desctop_pt=\u00a0\u00bbpadding-lg-120t\u00a0\u00bb mobile_pt=\u00a0\u00bbpadding-xs-5t\u00a0\u00bb css=\u00a0\u00bb.vc_custom_1504508597940{background-image: url(http:\/\/test.viewdemo.co\/wp\/sanjose\/wp-content\/themes\/sanjose\/uploads-demo\/2017\/08\/toa-heftiba.jpg?id=1201) !important;background-position:.<\/p>\n","protected":false},"author":1,"featured_media":0,"parent":0,"menu_order":0,"comment_status":"closed","ping_status":"closed","template":"","meta":{"_mi_skip_tracking":false},"_links":{"self":[{"href":"https:\/\/www.nextal.com\/fr\/wp-json\/wp\/v2\/pages\/1181"}],"collection":[{"href":"https:\/\/www.nextal.com\/fr\/wp-json\/wp\/v2\/pages"}],"about":[{"href":"https:\/\/www.nextal.com\/fr\/wp-json\/wp\/v2\/types\/page"}],"author":[{"embeddable":true,"href":"https:\/\/www.nextal.com\/fr\/wp-json\/wp\/v2\/users\/1"}],"replies":[{"embeddable":true,"href":"https:\/\/www.nextal.com\/fr\/wp-json\/wp\/v2\/comments?post=1181"}],"version-history":[{"count":4,"href":"https:\/\/www.nextal.com\/fr\/wp-json\/wp\/v2\/pages\/1181\/revisions"}],"predecessor-version":[{"id":3553,"href":"https:\/\/www.nextal.com\/fr\/wp-json\/wp\/v2\/pages\/1181\/revisions\/3553"}],"wp:attachment":[{"href":"https:\/\/www.nextal.com\/fr\/wp-json\/wp\/v2\/media?parent=1181"}],"curies":[{"name":"wp","href":"https:\/\/api.w.org\/{rel}","templated":true}]}}