{"id":1690,"date":"2017-09-18T07:50:43","date_gmt":"2017-09-18T07:50:43","guid":{"rendered":"http:\/\/test.viewdemo.co\/wp\/sanjose\/?page_id=1690"},"modified":"2023-05-07T22:39:58","modified_gmt":"2023-05-07T22:39:58","slug":"home","status":"publish","type":"page","link":"https:\/\/www.nextal.com\/fr\/","title":{"rendered":"Home"},"content":{"rendered":"[vc_row full_width=\u00a0\u00bbstretch_row_content_no_spaces\u00a0\u00bb][vc_column][sanjose_banner subtitle=\u00a0\u00bbTROUVER ET ENGAGER RAPIDEMENT LE BON TALENT POUR LE BON POSTE\u00a0\u00bb link=\u00a0\u00bb||target:%20_blank|\u00a0\u00bb position_btn=\u00a0\u00bbtrue\u00a0\u00bb link2=\u00a0\u00bburl:http%3A%2F%2Fthemeforest.net%2Fitem%2Fsoftease-multipurpose-software-saas-product-wordpress-theme%2F17052300%3Futm_source%3Dqodearena_demo%26ref%3Dqodearena%26license%3Dregular%26open_purchase_for_item_id%3D17052300%26purchasable%3Dsource|title:PURCHASE%20NOW|target:%20_blank|\u00a0\u00bb title=\u00a0\u00bb<i>Le recrutement<\/i> de talents n&rsquo;a jamais \u00e9t\u00e9 aussi facile\u00a0\u00bb title_color=\u00a0\u00bb#ffffff\u00a0\u00bb subtitle_color=\u00a0\u00bbrgba(255,255,255,0.7)\u00a0\u00bb button_shadow=\u00a0\u00bb#0c6ac9&Prime; button_text_color=\u00a0\u00bb#ffffff\u00a0\u00bb image=\u00a0\u00bb3035&Prime; image_content=\u00a0\u00bb3088&Prime;][\/vc_column][\/vc_row][vc_row large_desctop_pt=\u00a0\u00bbpadding-lg-40t\u00a0\u00bb large_desctop_pb=\u00a0\u00bbpadding-lg-40b\u00a0\u00bb mobile_pt=\u00a0\u00bbpadding-xs-15t\u00a0\u00bb mobile_pb=\u00a0\u00bbpadding-xs-5b\u00a0\u00bb][vc_column tablets_mb=\u00a0\u00bbmargin-sm-50b\u00a0\u00bb mobile_mb=\u00a0\u00bbmargin-xs-30b\u00a0\u00bb large_desctop_pt=\u00a0\u00bbpadding-lg-35t\u00a0\u00bb offset=\u00a0\u00bbvc_col-lg-4 vc_col-md-4&Prime;][sanjose_text_block el_class=\u00a0\u00bbcustom-lh\u00a0\u00bb title_font_size=\u00a0\u00bb42&Prime; title=\u00a0\u00bbPermettre le recrutement <i>multi-magasins<\/i><br \/>\net<br \/>\nagissez sur <i>vos<\/i> indicateurs cl\u00e9s de performance.\u00a0\u00bb button=\u00a0\u00bburl:https%3A%2F%2Fwww.nextal.com%2Ffr%2Ffeatures%2F|title:D%C3%A9couvrir%20%3Cspan%3E%3Ci%3Etoutes%3C%2Fi%3E%3C%2Fspan%3E%20fonctionalit%C3%A9s||\u00a0\u00bb]<span style=\"font-weight: 400;\">Les responsables de magasin manquent souvent de ressources pour recruter efficacement ; apr\u00e8s tout, l&#8217;embauche est g\u00e9n\u00e9ralement une responsabilit\u00e9 secondaire \u00e0 la gestion d&rsquo;un magasin.<\/span><\/p>\n<p><span style=\"font-weight: 400;\">En facilitant le processus de recrutement, les responsables de magasins peuvent consacrer moins de temps au recrutement tout en r\u00e9duisant la rotation du personnel et en augmentant les performances.<\/span>[\/sanjose_text_block][\/vc_column][vc_column width=\u00a0\u00bb1\/12&Prime; offset=\u00a0\u00bbvc_hidden-sm\u00a0\u00bb][\/vc_column][vc_column width=\u00a0\u00bb1\/2&Prime; el_class=\u00a0\u00bbno-padd-r-md\u00a0\u00bb offset=\u00a0\u00bbvc_col-lg-3 vc_col-md-3&Prime;][sanjose_featured_block icon_type=\u00a0\u00bbinfo\u00a0\u00bb icon_info=\u00a0\u00bbicon-featured-velocity\u00a0\u00bb text=\u00a0\u00bbObtenez tous vos candidats dans une application o\u00f9 vous pouvez les filtrer par lieu, date de candidature et bien plus encore.\u00a0\u00bb title=\u00a0\u00bbCESSEZ DE RECEVOIR DES MILLIERS D&rsquo;E-MAILS\u00a0\u00bb][sanjose_featured_block icon_type=\u00a0\u00bbinfo\u00a0\u00bb icon_info=\u00a0\u00bbicon-info-11&Prime; text=\u00a0\u00bbR\u00e9pondez automatiquement aux nouveaux candidats et envoyez automatiquement un e-mail de refus. Cr\u00e9ez une t\u00e2che de planification pour vous rappeler de contacter un candidat.\u00a0\u00bb title=\u00a0\u00bbNE PLUS OUBLIER DE CANDIDATS\u00a0\u00bb][\/vc_column][vc_column width=\u00a0\u00bb1\/12&Prime; offset=\u00a0\u00bbvc_hidden-sm\u00a0\u00bb][\/vc_column][vc_column width=\u00a0\u00bb1\/2&Prime; offset=\u00a0\u00bbvc_col-lg-3 vc_col-md-3&Prime;][sanjose_featured_block icon_type=\u00a0\u00bbinfo\u00a0\u00bb icon_info=\u00a0\u00bbicon-info-6&Prime; text=\u00a0\u00bbFaites collaborer les gestionnaires au processus de recrutement et trouvez plus rapidement le meilleur candidat.\u00a0\u00bb title=\u00a0\u00bbHabilitez VOS gestionnaires\u00a0\u00bb][sanjose_featured_block icon_type=\u00a0\u00bbinfo\u00a0\u00bb icon_info=\u00a0\u00bbicon-featured-technical-support\u00a0\u00bb text=\u00a0\u00bbD\u00e9finissez des mod\u00e8les d&rsquo;offres d&#8217;emploi pour chaque poste (directeur de magasin, &#8230;) et des mod\u00e8les d&rsquo;e-mails (accus\u00e9 de r\u00e9ception, refus, &#8230;) afin de garantir un processus standardis\u00e9 et une exp\u00e9rience parfaite pour le candidat.\u00a0\u00bb title=\u00a0\u00bbSTANDARDISEZ VOS PROCESSUS\u00a0\u00bb][\/vc_column][\/vc_row][vc_row full_width=\u00a0\u00bbstretch_row\u00a0\u00bb large_desctop_pt=\u00a0\u00bbpadding-lg-70t\u00a0\u00bb large_desctop_pb=\u00a0\u00bbpadding-lg-70b\u00a0\u00bb mobile_pt=\u00a0\u00bbpadding-xs-30t\u00a0\u00bb mobile_pb=\u00a0\u00bbpadding-xs-30b\u00a0\u00bb css=\u00a0\u00bb.vc_custom_1506095855304{background-color: #d5e5e9 !important;}\u00a0\u00bb][vc_column][sanjose_text_block content_align=\u00a0\u00bbcenter\u00a0\u00bb title=\u00a0\u00bbCommencez \u00e0 obtenir des candidats en <i>60<\/i> secondes\u00a0\u00bb]<span style=\"font-weight: 400;\">Cr\u00e9ez votre offre en 3 clics &#8211; et voyez-la publi\u00e9e automatiquement sur le site d&rsquo;affichage des offres d&#8217;emploi &#8211; et recevez vos CVs dans notre application sans aucun effort.<\/span>[\/sanjose_text_block][vc_row_inner large_desctop_pt=\u00a0\u00bbpadding-lg-95t\u00a0\u00bb desctop_pt=\u00a0\u00bbpadding-md-60t\u00a0\u00bb tablets_pt=\u00a0\u00bbpadding-sm-50t\u00a0\u00bb mobile_pt=\u00a0\u00bbpadding-xs-30t\u00a0\u00bb][vc_column_inner][sanjose_timeline][sanjose_timeline_item title=\u00a0\u00bbCR\u00c9EZ VOTRE EMPLOI\u00a0\u00bb image=\u00a0\u00bb471&Prime; images=\u00a0\u00bb3119,3121,3117&Prime;]Choisissez parmi les mod\u00e8les fournis ou cr\u00e9ez votre propre description de poste personnalis\u00e9e en 3 clics. Nous la publierons sur tous les portails d&#8217;emploi pertinents.[\/sanjose_timeline_item][sanjose_timeline_item title=\u00a0\u00bbG\u00c9REZ LES CANDIDATS\u00a0\u00bb image=\u00a0\u00bb471&Prime; images=\u00a0\u00bb3121,3119,3117&Prime;]Glissez et d\u00e9posez les candidats dans les cat\u00e9gories Candidature, Entretien, Embauche ou Refus et nous leur enverrons automatiquement un e-mail d&rsquo;invitation ou de refus.[\/sanjose_timeline_item][sanjose_timeline_item title=\u00a0\u00bbENGAGEZ LE MEILLEUR CANDIDAT\u00a0\u00bb image=\u00a0\u00bb471&Prime; images=\u00a0\u00bb3117,3121,3119&Prime;]Notre syst\u00e8me de jumelage intelligent vous permet de trouver le meilleur candidat. Votre travail est termin\u00e9 et vous n&rsquo;avez pas pass\u00e9 plus de 60 secondes dans l&rsquo;application pour trouver votre nouveau talent.[\/sanjose_timeline_item][\/sanjose_timeline][\/vc_column_inner][\/vc_row_inner][\/vc_column][\/vc_row][vc_row full_width=\u00a0\u00bbstretch_row\u00a0\u00bb large_desctop_pt=\u00a0\u00bbpadding-lg-125t\u00a0\u00bb large_desctop_pb=\u00a0\u00bbpadding-lg-70b\u00a0\u00bb desctop_pt=\u00a0\u00bbpadding-md-70t\u00a0\u00bb desctop_pb=\u00a0\u00bbpadding-md-70b\u00a0\u00bb tablets_pt=\u00a0\u00bbpadding-sm-50t\u00a0\u00bb tablets_pb=\u00a0\u00bbpadding-sm-50b\u00a0\u00bb mobile_pt=\u00a0\u00bbpadding-xs-30t\u00a0\u00bb mobile_pb=\u00a0\u00bbpadding-xs-30b\u00a0\u00bb][vc_column width=\u00a0\u00bb5\/12&Prime; offset=\u00a0\u00bbvc_col-lg-5 vc_col-md-5 vc_hidden-sm\u00a0\u00bb css=\u00a0\u00bb.vc_custom_1494540592784{padding-top: 0px !important;}\u00a0\u00bb][vc_single_image image=\u00a0\u00bb375&Prime; img_size=\u00a0\u00bbfull\u00a0\u00bb alignment=\u00a0\u00bbright\u00a0\u00bb el_class=\u00a0\u00bbposition-right shadow-img absolute-image\u00a0\u00bb][vc_single_image image=\u00a0\u00bb3110&Prime; img_size=\u00a0\u00bbfull\u00a0\u00bb][\/vc_column][vc_column width=\u00a0\u00bb1\/12&Prime; offset=\u00a0\u00bbvc_col-lg-1 vc_col-md-1&Prime;][vc_column_text][\/vc_column_text][\/vc_column][vc_column offset=\u00a0\u00bbvc_col-lg-6 vc_col-md-6&Prime; css=\u00a0\u00bb.vc_custom_1495080651841{padding-top: 0px !important;}\u00a0\u00bb][sanjose_text_block title_align=\u00a0\u00bbleft\u00a0\u00bb text_align=\u00a0\u00bbleft\u00a0\u00bb link_align=\u00a0\u00bbleft\u00a0\u00bb title=\u00a0\u00bbUne base de donn\u00e9es de <i>talents<\/i>\u00a0\u00bb button=\u00a0\u00bburl:https%3A%2F%2Fwww.nextal.com%2Ffr%2Ffeatures%2Fcandidate-nurturing%2F|title:En%20Savoir%20Plus||\u00a0\u00bb]<span style=\"font-weight: 400;\">L&rsquo;utilisation de la logique de recherche bool\u00e9enne pour l&rsquo;acquisition de talents &#8211; c&rsquo;est-\u00e0-dire la recherche de personnes dont le CV et le profil professionnel contiennent des mots-cl\u00e9s particuliers &#8211; est une comp\u00e9tence essentielle pour la recherche de candidats.<\/span>[\/sanjose_text_block][\/vc_column][\/vc_row][vc_row full_width=\u00a0\u00bbstretch_row\u00a0\u00bb large_desctop_pb=\u00a0\u00bbpadding-lg-70b\u00a0\u00bb desctop_pb=\u00a0\u00bbpadding-md-70b\u00a0\u00bb tablets_pb=\u00a0\u00bbpadding-sm-50b\u00a0\u00bb mobile_pb=\u00a0\u00bbpadding-xs-30b\u00a0\u00bb][vc_column large_desctop_pt=\u00a0\u00bbpadding-lg-50t\u00a0\u00bb desctop_pt=\u00a0\u00bbpadding-md-50t\u00a0\u00bb tablets_pt=\u00a0\u00bbpadding-sm-30t\u00a0\u00bb mobile_pt=\u00a0\u00bbpadding-xs-30t\u00a0\u00bb offset=\u00a0\u00bbvc_col-lg-6 vc_col-md-6&Prime; css=\u00a0\u00bb.vc_custom_1495080659892{padding-top: 0px !important;}\u00a0\u00bb][sanjose_text_block title_align=\u00a0\u00bbleft\u00a0\u00bb text_align=\u00a0\u00bbleft\u00a0\u00bb link_align=\u00a0\u00bbleft\u00a0\u00bb title=\u00a0\u00bb<i>\u00c9valuation<\/i> des candidats\u00a0\u00bb button=\u00a0\u00bburl:https%3A%2F%2Fwww.nextal.com%2Ffr%2Ffeatures%2Fcandidate-nurturing%2F|title:En%20Savoir%20Plus||\u00a0\u00bb]<span style=\"font-weight: 400;\">Le moteur de mise en correspondance AI de Nextal Solution comprend les candidats comme des \u00eatres humains avec des profils de carri\u00e8re &#8211; et pas seulement une cha\u00eene de mots-cl\u00e9s.<\/span><\/p>\n<p><span style=\"font-weight: 400;\">Il reconna\u00eet qu&rsquo;un programmeur actuel de niveau interm\u00e9diaire est un bien meilleur candidat pour un poste de programmation qu&rsquo;un gestionnaire actuel ayant une exp\u00e9rience ant\u00e9rieure en programmation. Pourquoi ? Parce que nous avons model\u00e9 notre moteur pour qu&rsquo;il pense comme un recruteur, et non comme une machine.<\/span>[\/sanjose_text_block][\/vc_column][vc_column width=\u00a0\u00bb1\/12&Prime; offset=\u00a0\u00bbvc_hidden-md vc_hidden-sm vc_hidden-xs\u00a0\u00bb][\/vc_column][vc_column offset=\u00a0\u00bbvc_col-lg-5 vc_col-md-6&Prime;][vc_single_image image=\u00a0\u00bb3127&Prime; img_size=\u00a0\u00bbfull\u00a0\u00bb][\/vc_column][\/vc_row][vc_row full_width=\u00a0\u00bbstretch_row\u00a0\u00bb large_desctop_pb=\u00a0\u00bbpadding-lg-70b\u00a0\u00bb desctop_pb=\u00a0\u00bbpadding-md-70b\u00a0\u00bb tablets_pb=\u00a0\u00bbpadding-sm-50b\u00a0\u00bb mobile_pb=\u00a0\u00bbpadding-xs-30b\u00a0\u00bb][vc_column width=\u00a0\u00bb5\/12&Prime; offset=\u00a0\u00bbvc_col-lg-5 vc_col-md-5 vc_hidden-sm\u00a0\u00bb css=\u00a0\u00bb.vc_custom_1494540592784{padding-top: 0px !important;}\u00a0\u00bb][vc_single_image image=\u00a0\u00bb3130&Prime; img_size=\u00a0\u00bbfull\u00a0\u00bb][\/vc_column][vc_column width=\u00a0\u00bb1\/12&Prime; offset=\u00a0\u00bbvc_col-lg-1 vc_col-md-1&Prime;][vc_column_text][\/vc_column_text][\/vc_column][vc_column offset=\u00a0\u00bbvc_col-lg-6 vc_col-md-6&Prime; css=\u00a0\u00bb.vc_custom_1495080651841{padding-top: 0px !important;}\u00a0\u00bb][sanjose_text_block title_align=\u00a0\u00bbleft\u00a0\u00bb text_align=\u00a0\u00bbleft\u00a0\u00bb link_align=\u00a0\u00bbleft\u00a0\u00bb title=\u00a0\u00bb<i>Correspondance<\/i> d&#8217;emplois\u00a0\u00bb button=\u00a0\u00bburl:https%3A%2F%2Fwww.nextal.com%2Ffr%2Ffeatures%2Fsmart-matching%2F|title:En%20Savoir%20Plus||\u00a0\u00bb]<span style=\"font-weight: 400;\">Vous savez que chaque candidat est plus qu&rsquo;une liste de mots-cl\u00e9s &#8211; et notre moteur de mise en correspondance IA le sait aussi. Il \u00e9tablit des correspondances sur la base d&rsquo;un profil holistique, en attribuant un contexte, des valeurs temporelles et une signification \u00e0 toutes les donn\u00e9es figurant dans les CV des candidats.<\/span><\/p>\n<p><span style=\"font-weight: 400;\">Gr\u00e2ce \u00e0 des techniques d&rsquo;apprentissage automatique, nous pouvons vous dire si un candidat est pr\u00eat \u00e0 accepter votre poste vacant.<\/span>[\/sanjose_text_block][\/vc_column][\/vc_row][vc_row large_desctop_pt=\u00a0\u00bbpadding-lg-85t\u00a0\u00bb desctop_pt=\u00a0\u00bbpadding-md-85t\u00a0\u00bb tablets_pt=\u00a0\u00bbpadding-sm-50t\u00a0\u00bb][vc_column offset=\u00a0\u00bbvc_col-lg-4 vc_col-md-4 vc_col-xs-12&Prime; el_class=\u00a0\u00bbfeatured-bloc-right\u00a0\u00bb][sanjose_featured_block icon_type=\u00a0\u00bbinfo\u00a0\u00bb icon_info=\u00a0\u00bbicon-info-8&Prime; text=\u00a0\u00bbTous les \u00e9changes avec un candidat sont enregistr\u00e9s dans la plateforme.\u00a0\u00bb align=\u00a0\u00bbcenter\u00a0\u00bb big_size=\u00a0\u00bbyes\u00a0\u00bb icon_size=\u00a0\u00bb\u00a0\u00bb title=\u00a0\u00bbCOMMUNICATION\u00a0\u00bb][\/vc_column][vc_column offset=\u00a0\u00bbvc_col-lg-4 vc_col-md-4 vc_col-xs-12&Prime; el_class=\u00a0\u00bbfeatured-block-center\u00a0\u00bb][sanjose_featured_block icon_type=\u00a0\u00bbinfo\u00a0\u00bb icon_info=\u00a0\u00bbicon-featured-medal\u00a0\u00bb text=\u00a0\u00bbUtilisateur ou extension pour trouver des candidats \u00e0 partir d&rsquo;Indeed ou LinkedIn\u00a0\u00bb align=\u00a0\u00bbcenter\u00a0\u00bb big_size=\u00a0\u00bbyes\u00a0\u00bb icon_size=\u00a0\u00bb\u00a0\u00bb title=\u00a0\u00bbENGAGEMENT\u00a0\u00bb][\/vc_column][vc_column offset=\u00a0\u00bbvc_col-lg-4 vc_col-md-4 vc_col-xs-12&Prime; el_class=\u00a0\u00bbfeatured-bloc-left\u00a0\u00bb][sanjose_featured_block icon_type=\u00a0\u00bbinfo\u00a0\u00bb icon_info=\u00a0\u00bbicon-info-10&Prime; text=\u00a0\u00bbSimple et rapide configuration\u00a0\u00bb align=\u00a0\u00bbcenter\u00a0\u00bb big_size=\u00a0\u00bbyes\u00a0\u00bb icon_size=\u00a0\u00bb\u00a0\u00bb title=\u00a0\u00bbPR\u00caT\u00a0\u00bb][\/vc_column][\/vc_row][vc_row large_desctop_pb=\u00a0\u00bbpadding-lg-30b\u00a0\u00bb desctop_pb=\u00a0\u00bbpadding-md-30b\u00a0\u00bb tablets_pb=\u00a0\u00bbpadding-sm-20b\u00a0\u00bb mobile_pt=\u00a0\u00bbpadding-xs-5t\u00a0\u00bb mobile_pb=\u00a0\u00bbpadding-xs-5b\u00a0\u00bb][vc_column large_desctop_pt=\u00a0\u00bbpadding-lg-35t\u00a0\u00bb offset=\u00a0\u00bbvc_col-lg-4 vc_col-md-4 vc_col-xs-12&Prime; el_class=\u00a0\u00bbfeatured-block-right_bottom\u00a0\u00bb][sanjose_featured_block icon_type=\u00a0\u00bbinfo\u00a0\u00bb icon_info=\u00a0\u00bbicon-info-5&Prime; text=\u00a0\u00bbPermettez \u00e0 vos employ\u00e9s de trouver le bon candidat au bon moment.\u00a0\u00bb align=\u00a0\u00bbcenter\u00a0\u00bb big_size=\u00a0\u00bbyes\u00a0\u00bb icon_size=\u00a0\u00bb\u00a0\u00bb title=\u00a0\u00bbrenseignements\u00a0\u00bb][\/vc_column][vc_column large_desctop_pt=\u00a0\u00bbpadding-lg-35t\u00a0\u00bb offset=\u00a0\u00bbvc_col-lg-4 vc_col-md-4 vc_col-xs-12&Prime; el_class=\u00a0\u00bbfeatured-block-right_bottom\u00a0\u00bb][sanjose_featured_block icon_type=\u00a0\u00bbinfo\u00a0\u00bb icon_info=\u00a0\u00bbicon-info-2&Prime; text=\u00a0\u00bbNous faisons la promotion de votre offre d&#8217;emploi sur Indeed, Google et beaucoup plus.\u00a0\u00bb align=\u00a0\u00bbcenter\u00a0\u00bb big_size=\u00a0\u00bbyes\u00a0\u00bb icon_size=\u00a0\u00bb\u00a0\u00bb title=\u00a0\u00bbSYNDICATION\u00a0\u00bb][\/vc_column][vc_column large_desctop_pt=\u00a0\u00bbpadding-lg-35t\u00a0\u00bb offset=\u00a0\u00bbvc_col-lg-4 vc_col-md-4 vc_col-xs-12&Prime;][sanjose_featured_block icon_type=\u00a0\u00bbinfo\u00a0\u00bb icon_info=\u00a0\u00bbicon-info-7&Prime; text=\u00a0\u00bbSimplifiez votre recrutement avec notre IA et concentrez-vous uniquement sur les candidats pertinents.\u00a0\u00bb align=\u00a0\u00bbcenter\u00a0\u00bb big_size=\u00a0\u00bbyes\u00a0\u00bb icon_size=\u00a0\u00bb\u00a0\u00bb title=\u00a0\u00bb\u00c9CONOMISEZ VOTRE TEMPS\u00a0\u00bb][\/vc_column][\/vc_row][vc_row full_width=\u00a0\u00bbstretch_row\u00a0\u00bb large_desctop_mt=\u00a0\u00bbmargin-lg-5t\u00a0\u00bb desctop_mt=\u00a0\u00bbmargin-md-5t\u00a0\u00bb tablets_mt=\u00a0\u00bbmargin-sm-5t\u00a0\u00bb mobile_mt=\u00a0\u00bbmargin-xs-5t\u00a0\u00bb large_desctop_pt=\u00a0\u00bbpadding-lg-5t\u00a0\u00bb large_desctop_pb=\u00a0\u00bbpadding-lg-5b\u00a0\u00bb desctop_pt=\u00a0\u00bbpadding-md-5t\u00a0\u00bb desctop_pb=\u00a0\u00bbpadding-md-5b\u00a0\u00bb tablets_pt=\u00a0\u00bbpadding-sm-5t\u00a0\u00bb tablets_pb=\u00a0\u00bbpadding-sm-5b\u00a0\u00bb mobile_pt=\u00a0\u00bbpadding-xs-5t\u00a0\u00bb mobile_pb=\u00a0\u00bbpadding-xs-5b\u00a0\u00bb css=\u00a0\u00bb.vc_custom_1550005761111{background-color: #ffffff !important;}\u00a0\u00bb][vc_column][sanjose_text_block content_align=\u00a0\u00bbcenter\u00a0\u00bb title=\u00a0\u00bbVous \u00eates en <i>bonne<\/i> compagnie\u00a0\u00bb text_color=\u00a0\u00bbrgba(255,255,255,0.6)\u00a0\u00bb title_color=\u00a0\u00bb#000000&Prime;][\/sanjose_text_block][vc_row_inner css=\u00a0\u00bb.vc_custom_1494542074450{padding-top: 12px !important;}\u00a0\u00bb][vc_column_inner offset=\u00a0\u00bbvc_col-lg-4 vc_col-md-4&Prime;][vc_single_image image=\u00a0\u00bb3045&Prime; img_size=\u00a0\u00bbfull\u00a0\u00bb alignment=\u00a0\u00bbcenter\u00a0\u00bb][\/vc_column_inner][vc_column_inner offset=\u00a0\u00bbvc_col-lg-4 vc_col-md-4&Prime;][vc_single_image image=\u00a0\u00bb3046&Prime; img_size=\u00a0\u00bbfull\u00a0\u00bb alignment=\u00a0\u00bbcenter\u00a0\u00bb][\/vc_column_inner][vc_column_inner offset=\u00a0\u00bbvc_col-lg-4 vc_col-md-4&Prime;][vc_single_image image=\u00a0\u00bb3047&Prime; img_size=\u00a0\u00bbfull\u00a0\u00bb alignment=\u00a0\u00bbcenter\u00a0\u00bb][\/vc_column_inner][\/vc_row_inner][\/vc_column][\/vc_row][vc_row full_width=\u00a0\u00bbstretch_row\u00a0\u00bb large_desctop_pt=\u00a0\u00bbpadding-lg-65t\u00a0\u00bb desctop_pt=\u00a0\u00bbpadding-md-65t\u00a0\u00bb tablets_pt=\u00a0\u00bbpadding-sm-50t\u00a0\u00bb mobile_pt=\u00a0\u00bbpadding-xs-30t\u00a0\u00bb css=\u00a0\u00bb.vc_custom_1509617271891{background-color: #f1f7f8 !important;background-position: center !important;background-repeat: no-repeat !important;background-size: cover !important;}\u00a0\u00bb][vc_column][sanjose_text_block content_align=\u00a0\u00bbcenter\u00a0\u00bb title=\u00a0\u00bb<i>Nos<\/i> t\u00e9moignages\u00a0\u00bb][\/sanjose_text_block][vc_row_inner][vc_column_inner][sanjose_testimonials_slider][sanjose_testimonials_slider_item text=\u00a0\u00bbNextal has an outstanding customer service. They always answered our questions and they were very flexible to customize the ATS for our needs.\u00a0\u00bb stars=\u00a0\u00bbnone\u00a0\u00bb avatar=\u00a0\u00bb377&Prime; author=\u00a0\u00bbDonald Desabrais\u00a0\u00bb position=\u00a0\u00bbHuman Resources Director OF Laura Canada Group\u00a0\u00bb][sanjose_testimonials_slider_item text=\u00a0\u00bbUsing Nextal ATS we simplified and sped up our stores recruitment allowing the company to reach the planned growth.\u00a0\u00bb stars=\u00a0\u00bbnone\u00a0\u00bb avatar=\u00a0\u00bb380&Prime; author=\u00a0\u00bbMonica Yaccoub\u00a0\u00bb position=\u00a0\u00bbCorporate Talent Acquisition Specialist OF Laura Canada Group\u00a0\u00bb][sanjose_testimonials_slider_item text=\u00a0\u00bbNextal has an outstanding customer service. They always answered our questions and they were very flexible to customize the ATS for our needs.\u00a0\u00bb stars=\u00a0\u00bbnone\u00a0\u00bb avatar=\u00a0\u00bb379&Prime; author=\u00a0\u00bbClaudine Ernst\u00a0\u00bb position=\u00a0\u00bbHuman Resources Director OF Aubainerie\u00a0\u00bb][\/sanjose_testimonials_slider][\/vc_column_inner][\/vc_row_inner][\/vc_column][\/vc_row]\n","protected":false},"excerpt":{"rendered":"<p>[vc_row full_width=\u00a0\u00bbstretch_row_content_no_spaces\u00a0\u00bb][vc_column][sanjose_banner subtitle=\u00a0\u00bbTROUVER ET ENGAGER RAPIDEMENT LE BON TALENT POUR LE BON POSTE\u00a0\u00bb link=\u00a0\u00bb||target:%20_blank|\u00a0\u00bb position_btn=\u00a0\u00bbtrue\u00a0\u00bb link2=\u00a0\u00bburl:http%3A%2F%2Fthemeforest.net%2Fitem%2Fsoftease-multipurpose-software-saas-product-wordpress-theme%2F17052300%3Futm_source%3Dqodearena_demo%26ref%3Dqodearena%26license%3Dregular%26open_purchase_for_item_id%3D17052300%26purchasable%3Dsource|title:PURCHASE%20NOW|target:%20_blank|\u00a0\u00bb title=\u00a0\u00bbLe recrutement de talents n&rsquo;a jamais \u00e9t\u00e9 aussi facile\u00a0\u00bb.<\/p>\n","protected":false},"author":1,"featured_media":0,"parent":0,"menu_order":0,"comment_status":"closed","ping_status":"closed","template":"","meta":{"_mi_skip_tracking":false},"_links":{"self":[{"href":"https:\/\/www.nextal.com\/fr\/wp-json\/wp\/v2\/pages\/1690"}],"collection":[{"href":"https:\/\/www.nextal.com\/fr\/wp-json\/wp\/v2\/pages"}],"about":[{"href":"https:\/\/www.nextal.com\/fr\/wp-json\/wp\/v2\/types\/page"}],"author":[{"embeddable":true,"href":"https:\/\/www.nextal.com\/fr\/wp-json\/wp\/v2\/users\/1"}],"replies":[{"embeddable":true,"href":"https:\/\/www.nextal.com\/fr\/wp-json\/wp\/v2\/comments?post=1690"}],"version-history":[{"count":75,"href":"https:\/\/www.nextal.com\/fr\/wp-json\/wp\/v2\/pages\/1690\/revisions"}],"predecessor-version":[{"id":3612,"href":"https:\/\/www.nextal.com\/fr\/wp-json\/wp\/v2\/pages\/1690\/revisions\/3612"}],"wp:attachment":[{"href":"https:\/\/www.nextal.com\/fr\/wp-json\/wp\/v2\/media?parent=1690"}],"curies":[{"name":"wp","href":"https:\/\/api.w.org\/{rel}","templated":true}]}}